{"id":5206,"date":"2023-01-30T17:16:47","date_gmt":"2023-01-30T14:16:47","guid":{"rendered":"https:\/\/farmaso.com\/?page_id=5206"},"modified":"2023-11-07T11:29:39","modified_gmt":"2023-11-07T08:29:39","slug":"saglik-bakim-hizmetleri-kongresi","status":"publish","type":"page","link":"https:\/\/farmaso.com\/en\/saglik-bakim-hizmetleri-kongresi\/","title":{"rendered":"HEALTH CARE SERVICES CONGRESS"},"content":{"rendered":"<div id='av_section_1'  class='avia-section av-8a3qu-050e9499bd96f225536358b2a49316f4 main_color avia-section-default avia-no-border-styling  avia-builder-el-0  avia-builder-el-no-sibling  avia-bg-style-scroll container_wrap fullsize'  ><div class='container av-section-cont-open' ><main  role=\"main\" itemprop=\"mainContentOfPage\"  class='template-page content  av-content-full alpha units'><div class='post-entry post-entry-type-page post-entry-5206'><div class='entry-content-wrapper clearfix'>\n\n<style type=\"text\/css\" data-created_by=\"avia_inline_auto\" id=\"style-css-av-kz73q9zt-3bd51ae1d4263e59c3aca5d4ea808dfd\">\n#top .av-special-heading.av-kz73q9zt-3bd51ae1d4263e59c3aca5d4ea808dfd{\npadding-bottom:50px;\n}\nbody .av-special-heading.av-kz73q9zt-3bd51ae1d4263e59c3aca5d4ea808dfd .av-special-heading-tag .heading-char{\nfont-size:25px;\n}\n.av-special-heading.av-kz73q9zt-3bd51ae1d4263e59c3aca5d4ea808dfd .av-subheading{\nfont-size:15px;\n}\n<\/style>\n<div  class='av-special-heading av-kz73q9zt-3bd51ae1d4263e59c3aca5d4ea808dfd av-special-heading-h1 blockquote modern-quote modern-centered  avia-builder-el-1  el_before_av_image  avia-builder-el-first  av-linked-heading'><h1 class='av-special-heading-tag'  itemprop=\"headline\"  >2th INTERNATIONAL 3th NATIONAL HEALTH CARE SERVICES CONGRESS<\/h1><div class='av-subheading av-subheading_below'><p>17 &#8211; 18 May 2022<\/p>\n<\/div><div class=\"special-heading-border\"><div class=\"special-heading-inner-border\"><\/div><\/div><\/div>\n\n<style type=\"text\/css\" data-created_by=\"avia_inline_auto\" id=\"style-css-av-ldivfbuj-b1a8603dcd2b63fba2c48f29a7c49998\">\n.avia-image-container.av-ldivfbuj-b1a8603dcd2b63fba2c48f29a7c49998 img.avia_image{\nbox-shadow:none;\n}\n.avia-image-container.av-ldivfbuj-b1a8603dcd2b63fba2c48f29a7c49998 .av-image-caption-overlay-center{\ncolor:#ffffff;\n}\n<\/style>\n<div  class='avia-image-container av-ldivfbuj-b1a8603dcd2b63fba2c48f29a7c49998 av-styling- avia-align-center  avia-builder-el-2  el_after_av_heading  el_before_av_hr '   itemprop=\"image\" itemscope=\"itemscope\" itemtype=\"https:\/\/schema.org\/ImageObject\" ><div class=\"avia-image-container-inner\"><div class=\"avia-image-overlay-wrap\"><img decoding=\"async\" fetchpriority=\"high\" class='wp-image-3351 avia-img-lazy-loading-not-3351 avia_image ' src=\"https:\/\/farmaso.com\/wp-content\/uploads\/2023\/01\/Saglik-Bakim-Hizmetleri-Kongresi-Katilim-Sertifikasi-705x499.png\" alt='' title='Sa\u011fl\u0131k Bak\u0131m Hizmetleri Kongresi Kat\u0131l\u0131m Sertifikas\u0131'  height=\"499\" width=\"705\"  itemprop=\"thumbnailUrl\" srcset=\"https:\/\/farmaso.com\/wp-content\/uploads\/2023\/01\/Saglik-Bakim-Hizmetleri-Kongresi-Katilim-Sertifikasi-705x499.png 705w, https:\/\/farmaso.com\/wp-content\/uploads\/2023\/01\/Saglik-Bakim-Hizmetleri-Kongresi-Katilim-Sertifikasi-300x212.png 300w, https:\/\/farmaso.com\/wp-content\/uploads\/2023\/01\/Saglik-Bakim-Hizmetleri-Kongresi-Katilim-Sertifikasi-1030x729.png 1030w, https:\/\/farmaso.com\/wp-content\/uploads\/2023\/01\/Saglik-Bakim-Hizmetleri-Kongresi-Katilim-Sertifikasi-768x543.png 768w, https:\/\/farmaso.com\/wp-content\/uploads\/2023\/01\/Saglik-Bakim-Hizmetleri-Kongresi-Katilim-Sertifikasi-260x185.png 260w, https:\/\/farmaso.com\/wp-content\/uploads\/2023\/01\/Saglik-Bakim-Hizmetleri-Kongresi-Katilim-Sertifikasi.png 1500w\" sizes=\"(max-width: 705px) 100vw, 705px\" \/><\/div><\/div><\/div>\n\n<style type=\"text\/css\" data-created_by=\"avia_inline_auto\" id=\"style-css-av-kkbbdz36-aa9712c1e59e3774ec8b39ee613ca4e1\">\n#top .hr.hr-invisible.av-kkbbdz36-aa9712c1e59e3774ec8b39ee613ca4e1{\nheight:50px;\n}\n<\/style>\n<div  class='hr av-kkbbdz36-aa9712c1e59e3774ec8b39ee613ca4e1 hr-invisible  avia-builder-el-3  el_after_av_image  el_before_av_hr '><span class='hr-inner '><span class=\"hr-inner-style\"><\/span><\/span><\/div>\n\n<style type=\"text\/css\" data-created_by=\"avia_inline_auto\" id=\"style-css-av-kkbbdz36-1-2366bbe243b26589c6002b6c13d8b4b1\">\n#top .hr.hr-invisible.av-kkbbdz36-1-2366bbe243b26589c6002b6c13d8b4b1{\nheight:30px;\n}\n<\/style>\n<div  class='hr av-kkbbdz36-1-2366bbe243b26589c6002b6c13d8b4b1 hr-invisible  avia-builder-el-4  el_after_av_hr  avia-builder-el-last '><span class='hr-inner '><span class=\"hr-inner-style\"><\/span><\/span><\/div>\n\n","protected":false},"excerpt":{"rendered":"","protected":false},"author":2,"featured_media":0,"parent":0,"menu_order":0,"comment_status":"closed","ping_status":"closed","template":"","meta":{"footnotes":""},"class_list":["post-5206","page","type-page","status-publish","hentry"],"yoast_head":"<!-- This site is optimized with the Yoast SEO plugin v22.0 - https:\/\/yoast.com\/wordpress\/plugins\/seo\/ -->\n<title>HEALTH CARE SERVICES CONGRESS - Farmaso<\/title>\n<meta name=\"robots\" content=\"index, follow, max-snippet:-1, max-image-preview:large, max-video-preview:-1\" \/>\n<link rel=\"canonical\" href=\"https:\/\/farmaso.com\/en\/saglik-bakim-hizmetleri-kongresi\/\" \/>\n<meta property=\"og:locale\" content=\"en_US\" \/>\n<meta property=\"og:type\" content=\"article\" \/>\n<meta property=\"og:title\" content=\"HEALTH CARE SERVICES CONGRESS - Farmaso\" \/>\n<meta property=\"og:url\" content=\"https:\/\/farmaso.com\/en\/saglik-bakim-hizmetleri-kongresi\/\" \/>\n<meta property=\"og:site_name\" content=\"Farmaso\" \/>\n<meta property=\"article:publisher\" content=\"http:\/\/facebook.com\/farmasoilacas\" \/>\n<meta property=\"article:modified_time\" content=\"2023-11-07T08:29:39+00:00\" \/>\n<meta name=\"twitter:card\" content=\"summary_large_image\" \/>\n<meta name=\"twitter:label1\" content=\"Est. reading time\" \/>\n\t<meta name=\"twitter:data1\" content=\"2 minutes\" \/>\n<script type=\"application\/ld+json\" class=\"yoast-schema-graph\">{\"@context\":\"https:\/\/schema.org\",\"@graph\":[{\"@type\":\"WebPage\",\"@id\":\"https:\/\/farmaso.com\/en\/saglik-bakim-hizmetleri-kongresi\/\",\"url\":\"https:\/\/farmaso.com\/en\/saglik-bakim-hizmetleri-kongresi\/\",\"name\":\"HEALTH CARE SERVICES CONGRESS - Farmaso\",\"isPartOf\":{\"@id\":\"https:\/\/farmaso.com\/#website\"},\"datePublished\":\"2023-01-30T14:16:47+00:00\",\"dateModified\":\"2023-11-07T08:29:39+00:00\",\"breadcrumb\":{\"@id\":\"https:\/\/farmaso.com\/en\/saglik-bakim-hizmetleri-kongresi\/#breadcrumb\"},\"inLanguage\":\"en-US\",\"potentialAction\":[{\"@type\":\"ReadAction\",\"target\":[\"https:\/\/farmaso.com\/en\/saglik-bakim-hizmetleri-kongresi\/\"]}]},{\"@type\":\"BreadcrumbList\",\"@id\":\"https:\/\/farmaso.com\/en\/saglik-bakim-hizmetleri-kongresi\/#breadcrumb\",\"itemListElement\":[{\"@type\":\"ListItem\",\"position\":1,\"name\":\"Ana sayfa\",\"item\":\"https:\/\/farmaso.com\/en\/farmaso-ana-sayfa\/\"},{\"@type\":\"ListItem\",\"position\":2,\"name\":\"HEALTH CARE SERVICES CONGRESS\"}]},{\"@type\":\"WebSite\",\"@id\":\"https:\/\/farmaso.com\/#website\",\"url\":\"https:\/\/farmaso.com\/\",\"name\":\"Farmaso\",\"description\":\"Yara ve Cilt Bak\u0131m\u0131\",\"publisher\":{\"@id\":\"https:\/\/farmaso.com\/#organization\"},\"potentialAction\":[{\"@type\":\"SearchAction\",\"target\":{\"@type\":\"EntryPoint\",\"urlTemplate\":\"https:\/\/farmaso.com\/?s={search_term_string}\"},\"query-input\":\"required name=search_term_string\"}],\"inLanguage\":\"en-US\"},{\"@type\":\"Organization\",\"@id\":\"https:\/\/farmaso.com\/#organization\",\"name\":\"Farmaso\",\"url\":\"https:\/\/farmaso.com\/\",\"logo\":{\"@type\":\"ImageObject\",\"inLanguage\":\"en-US\",\"@id\":\"https:\/\/farmaso.com\/#\/schema\/logo\/image\/\",\"url\":\"https:\/\/farmaso.com\/wp-content\/uploads\/2019\/02\/farmaso-logo-web-1.png\",\"contentUrl\":\"https:\/\/farmaso.com\/wp-content\/uploads\/2019\/02\/farmaso-logo-web-1.png\",\"width\":575,\"height\":170,\"caption\":\"Farmaso\"},\"image\":{\"@id\":\"https:\/\/farmaso.com\/#\/schema\/logo\/image\/\"},\"sameAs\":[\"http:\/\/facebook.com\/farmasoilacas\",\"http:\/\/instagram.com\/farmisolantiseptik\"]}]}<\/script>\n<!-- \/ Yoast SEO plugin. -->","yoast_head_json":{"title":"HEALTH CARE SERVICES CONGRESS - Farmaso","robots":{"index":"index","follow":"follow","max-snippet":"max-snippet:-1","max-image-preview":"max-image-preview:large","max-video-preview":"max-video-preview:-1"},"canonical":"https:\/\/farmaso.com\/en\/saglik-bakim-hizmetleri-kongresi\/","og_locale":"en_US","og_type":"article","og_title":"HEALTH CARE SERVICES CONGRESS - Farmaso","og_url":"https:\/\/farmaso.com\/en\/saglik-bakim-hizmetleri-kongresi\/","og_site_name":"Farmaso","article_publisher":"http:\/\/facebook.com\/farmasoilacas","article_modified_time":"2023-11-07T08:29:39+00:00","twitter_card":"summary_large_image","twitter_misc":{"Est. reading time":"2 minutes"},"schema":{"@context":"https:\/\/schema.org","@graph":[{"@type":"WebPage","@id":"https:\/\/farmaso.com\/en\/saglik-bakim-hizmetleri-kongresi\/","url":"https:\/\/farmaso.com\/en\/saglik-bakim-hizmetleri-kongresi\/","name":"HEALTH CARE SERVICES CONGRESS - Farmaso","isPartOf":{"@id":"https:\/\/farmaso.com\/#website"},"datePublished":"2023-01-30T14:16:47+00:00","dateModified":"2023-11-07T08:29:39+00:00","breadcrumb":{"@id":"https:\/\/farmaso.com\/en\/saglik-bakim-hizmetleri-kongresi\/#breadcrumb"},"inLanguage":"en-US","potentialAction":[{"@type":"ReadAction","target":["https:\/\/farmaso.com\/en\/saglik-bakim-hizmetleri-kongresi\/"]}]},{"@type":"BreadcrumbList","@id":"https:\/\/farmaso.com\/en\/saglik-bakim-hizmetleri-kongresi\/#breadcrumb","itemListElement":[{"@type":"ListItem","position":1,"name":"Ana sayfa","item":"https:\/\/farmaso.com\/en\/farmaso-ana-sayfa\/"},{"@type":"ListItem","position":2,"name":"HEALTH CARE SERVICES CONGRESS"}]},{"@type":"WebSite","@id":"https:\/\/farmaso.com\/#website","url":"https:\/\/farmaso.com\/","name":"Farmaso","description":"Yara ve Cilt Bak\u0131m\u0131","publisher":{"@id":"https:\/\/farmaso.com\/#organization"},"potentialAction":[{"@type":"SearchAction","target":{"@type":"EntryPoint","urlTemplate":"https:\/\/farmaso.com\/?s={search_term_string}"},"query-input":"required name=search_term_string"}],"inLanguage":"en-US"},{"@type":"Organization","@id":"https:\/\/farmaso.com\/#organization","name":"Farmaso","url":"https:\/\/farmaso.com\/","logo":{"@type":"ImageObject","inLanguage":"en-US","@id":"https:\/\/farmaso.com\/#\/schema\/logo\/image\/","url":"https:\/\/farmaso.com\/wp-content\/uploads\/2019\/02\/farmaso-logo-web-1.png","contentUrl":"https:\/\/farmaso.com\/wp-content\/uploads\/2019\/02\/farmaso-logo-web-1.png","width":575,"height":170,"caption":"Farmaso"},"image":{"@id":"https:\/\/farmaso.com\/#\/schema\/logo\/image\/"},"sameAs":["http:\/\/facebook.com\/farmasoilacas","http:\/\/instagram.com\/farmisolantiseptik"]}]}},"_links":{"self":[{"href":"https:\/\/farmaso.com\/en\/wp-json\/wp\/v2\/pages\/5206","targetHints":{"allow":["GET"]}}],"collection":[{"href":"https:\/\/farmaso.com\/en\/wp-json\/wp\/v2\/pages"}],"about":[{"href":"https:\/\/farmaso.com\/en\/wp-json\/wp\/v2\/types\/page"}],"author":[{"embeddable":true,"href":"https:\/\/farmaso.com\/en\/wp-json\/wp\/v2\/users\/2"}],"replies":[{"embeddable":true,"href":"https:\/\/farmaso.com\/en\/wp-json\/wp\/v2\/comments?post=5206"}],"version-history":[{"count":0,"href":"https:\/\/farmaso.com\/en\/wp-json\/wp\/v2\/pages\/5206\/revisions"}],"wp:attachment":[{"href":"https:\/\/farmaso.com\/en\/wp-json\/wp\/v2\/media?parent=5206"}],"curies":[{"name":"wp","href":"https:\/\/api.w.org\/{rel}","templated":true}]}}