{"id":5210,"date":"2022-02-03T18:11:18","date_gmt":"2022-02-03T15:11:18","guid":{"rendered":"https:\/\/farmaso.com\/?page_id=5210"},"modified":"2023-11-07T10:45:00","modified_gmt":"2023-11-07T07:45:00","slug":"uluslararasi-sterilizasyon-dezenfeksiyon-kongresi","status":"publish","type":"page","link":"https:\/\/farmaso.com\/en\/uluslararasi-sterilizasyon-dezenfeksiyon-kongresi\/","title":{"rendered":"INTERNATIONAL STERILIZATION DISINFECTION CONGRESS"},"content":{"rendered":"<div id='av_section_1'  class='avia-section av-8a3qu-050e9499bd96f225536358b2a49316f4 main_color avia-section-default avia-no-border-styling  avia-builder-el-0  avia-builder-el-no-sibling  avia-bg-style-scroll container_wrap fullsize'  ><div class='container av-section-cont-open' ><main  role=\"main\" itemprop=\"mainContentOfPage\"  class='template-page content  av-content-full alpha units'><div class='post-entry post-entry-type-page post-entry-5210'><div class='entry-content-wrapper clearfix'>\n\n<style type=\"text\/css\" data-created_by=\"avia_inline_auto\" id=\"style-css-av-kz747dnx-eaa0bc3b7e5eca55e3e226614e087ae0\">\n#top .av-special-heading.av-kz747dnx-eaa0bc3b7e5eca55e3e226614e087ae0{\npadding-bottom:50px;\n}\nbody .av-special-heading.av-kz747dnx-eaa0bc3b7e5eca55e3e226614e087ae0 .av-special-heading-tag .heading-char{\nfont-size:25px;\n}\n.av-special-heading.av-kz747dnx-eaa0bc3b7e5eca55e3e226614e087ae0 .av-subheading{\nfont-size:15px;\n}\n<\/style>\n<div  class='av-special-heading av-kz747dnx-eaa0bc3b7e5eca55e3e226614e087ae0 av-special-heading-h1 blockquote modern-quote modern-centered  avia-builder-el-1  el_before_av_image  avia-builder-el-first  av-linked-heading'><h1 class='av-special-heading-tag'  itemprop=\"headline\"  >12th INTERNATIONAL STERILIZATION DISINFECTION CONGRESS<\/h1><div class='av-subheading av-subheading_below'><p>9 &#8211; 12 December 2021, Asteria Kremlin Palace Congress Center, Antalya \/ TURKIYE<\/p>\n<\/div><div class=\"special-heading-border\"><div class=\"special-heading-inner-border\"><\/div><\/div><\/div>\n\n<style type=\"text\/css\" data-created_by=\"avia_inline_auto\" id=\"style-css-av-ldipr7vn-a894d41a16c13e1787d8fc5129944622\">\n.avia-image-container.av-ldipr7vn-a894d41a16c13e1787d8fc5129944622 img.avia_image{\nbox-shadow:none;\n}\n.avia-image-container.av-ldipr7vn-a894d41a16c13e1787d8fc5129944622 .av-image-caption-overlay-center{\ncolor:#ffffff;\n}\n<\/style>\n<div  class='avia-image-container av-ldipr7vn-a894d41a16c13e1787d8fc5129944622 av-styling- avia-align-center  avia-builder-el-2  el_after_av_heading  el_before_av_hr '   itemprop=\"image\" itemscope=\"itemscope\" itemtype=\"https:\/\/schema.org\/ImageObject\" ><div class=\"avia-image-container-inner\"><div class=\"avia-image-overlay-wrap\"><img decoding=\"async\" fetchpriority=\"high\" class='wp-image-2453 avia-img-lazy-loading-not-2453 avia_image ' src=\"https:\/\/farmaso.com\/wp-content\/uploads\/2022\/02\/12.ULUSLARARASI-STERILIZASYON-DEZENFEKSIYON-KONGRESI-1-705x499.jpg\" alt='' title='12.ULUSLARARASI STER\u0130L\u0130ZASYON DEZENFEKS\u0130YON KONGRES\u0130'  height=\"499\" width=\"705\"  itemprop=\"thumbnailUrl\" srcset=\"https:\/\/farmaso.com\/wp-content\/uploads\/2022\/02\/12.ULUSLARARASI-STERILIZASYON-DEZENFEKSIYON-KONGRESI-1-705x499.jpg 705w, https:\/\/farmaso.com\/wp-content\/uploads\/2022\/02\/12.ULUSLARARASI-STERILIZASYON-DEZENFEKSIYON-KONGRESI-1-300x212.jpg 300w, https:\/\/farmaso.com\/wp-content\/uploads\/2022\/02\/12.ULUSLARARASI-STERILIZASYON-DEZENFEKSIYON-KONGRESI-1-1030x729.jpg 1030w, https:\/\/farmaso.com\/wp-content\/uploads\/2022\/02\/12.ULUSLARARASI-STERILIZASYON-DEZENFEKSIYON-KONGRESI-1-768x544.jpg 768w, https:\/\/farmaso.com\/wp-content\/uploads\/2022\/02\/12.ULUSLARARASI-STERILIZASYON-DEZENFEKSIYON-KONGRESI-1-260x185.jpg 260w, https:\/\/farmaso.com\/wp-content\/uploads\/2022\/02\/12.ULUSLARARASI-STERILIZASYON-DEZENFEKSIYON-KONGRESI-1-450x318.jpg 450w, https:\/\/farmaso.com\/wp-content\/uploads\/2022\/02\/12.ULUSLARARASI-STERILIZASYON-DEZENFEKSIYON-KONGRESI-1.jpg 1413w\" sizes=\"(max-width: 705px) 100vw, 705px\" \/><\/div><\/div><\/div>\n\n<style type=\"text\/css\" data-created_by=\"avia_inline_auto\" id=\"style-css-av-kkbbdz36-aa9712c1e59e3774ec8b39ee613ca4e1\">\n#top .hr.hr-invisible.av-kkbbdz36-aa9712c1e59e3774ec8b39ee613ca4e1{\nheight:50px;\n}\n<\/style>\n<div  class='hr av-kkbbdz36-aa9712c1e59e3774ec8b39ee613ca4e1 hr-invisible  avia-builder-el-3  el_after_av_image  el_before_av_heading '><span class='hr-inner '><span class=\"hr-inner-style\"><\/span><\/span><\/div>\n\n<style type=\"text\/css\" data-created_by=\"avia_inline_auto\" id=\"style-css-av-2xarxu-5cfbe120611be400e461b54fe89a949d\">\n#top .av-special-heading.av-2xarxu-5cfbe120611be400e461b54fe89a949d{\npadding-bottom:50px;\n}\nbody .av-special-heading.av-2xarxu-5cfbe120611be400e461b54fe89a949d .av-special-heading-tag .heading-char{\nfont-size:25px;\n}\n.av-special-heading.av-2xarxu-5cfbe120611be400e461b54fe89a949d .av-subheading{\nfont-size:15px;\n}\n<\/style>\n<div  class='av-special-heading av-2xarxu-5cfbe120611be400e461b54fe89a949d av-special-heading-h2 blockquote modern-quote modern-centered  avia-builder-el-4  el_after_av_hr  el_before_av_masonry_gallery  avia-builder-el-last '><h2 class='av-special-heading-tag'  itemprop=\"headline\"  >KONGEREDEN KARELER<\/h2><div class=\"special-heading-border\"><div class=\"special-heading-inner-border\"><\/div><\/div><\/div>\n<div id='av-masonry-1' class='av-masonry av-kwp2cb21-ae45f3717e5ea7adbe60e41a324489d3 noHover av-flex-size av-large-gap av-hover-overlay-active av-masonry-animation-active av-masonry-col-flexible av-caption-always av-caption-style- av-masonry-gallery ' data-post_id=\"5210\"><div class=\"av-masonry-container isotope av-js-disabled\"><div class='av-masonry-entry isotope-item av-masonry-item-no-image '><\/div><a href=\"https:\/\/farmaso.com\/wp-content\/uploads\/2022\/02\/12.ULUSLARARASI-STERILIZASYON-DEZENFEKSIYON-KONGRESI-2-1-1030x579.jpeg\" data-srcset=\"https:\/\/farmaso.com\/wp-content\/uploads\/2022\/02\/12.ULUSLARARASI-STERILIZASYON-DEZENFEKSIYON-KONGRESI-2-1-1030x579.jpeg 1030w, https:\/\/farmaso.com\/wp-content\/uploads\/2022\/02\/12.ULUSLARARASI-STERILIZASYON-DEZENFEKSIYON-KONGRESI-2-1-300x169.jpeg 300w, https:\/\/farmaso.com\/wp-content\/uploads\/2022\/02\/12.ULUSLARARASI-STERILIZASYON-DEZENFEKSIYON-KONGRESI-2-1-768x432.jpeg 768w, https:\/\/farmaso.com\/wp-content\/uploads\/2022\/02\/12.ULUSLARARASI-STERILIZASYON-DEZENFEKSIYON-KONGRESI-2-1-1536x864.jpeg 1536w, https:\/\/farmaso.com\/wp-content\/uploads\/2022\/02\/12.ULUSLARARASI-STERILIZASYON-DEZENFEKSIYON-KONGRESI-2-1-1500x844.jpeg 1500w, https:\/\/farmaso.com\/wp-content\/uploads\/2022\/02\/12.ULUSLARARASI-STERILIZASYON-DEZENFEKSIYON-KONGRESI-2-1-705x397.jpeg 705w, https:\/\/farmaso.com\/wp-content\/uploads\/2022\/02\/12.ULUSLARARASI-STERILIZASYON-DEZENFEKSIYON-KONGRESI-2-1-450x253.jpeg 450w, https:\/\/farmaso.com\/wp-content\/uploads\/2022\/02\/12.ULUSLARARASI-STERILIZASYON-DEZENFEKSIYON-KONGRESI-2-1.jpeg 2048w\" data-sizes=\"(max-width: 1030px) 100vw, 1030px\"  aria-label=\"image 12.ULUSLARARASI STER\u0130L\u0130ZASYON DEZENFEKS\u0130YON KONGRES\u0130-2\"  id='av-masonry-1-item-2452' data-av-masonry-item='2452' class='av-masonry-entry isotope-item post-2452 attachment type-attachment status-inherit hentry  av-masonry-item-with-image' title=\"12.ULUSLARARASI STER\u0130L\u0130ZASYON DEZENFEKS\u0130YON KONGRES\u0130-2\" alt=\"\"    itemprop=\"thumbnailUrl\" ><div class='av-inner-masonry-sizer'><\/div><figure class='av-inner-masonry main_color'><div class=\"av-masonry-outerimage-container\"><div class='av-masonry-image-container'   ><img decoding=\"async\" width=\"705\" height=\"397\" fetchpriority=\"high\" class=\"wp-image-2452 avia-img-lazy-loading-not-2452\"  src=\"https:\/\/farmaso.com\/wp-content\/uploads\/2022\/02\/12.ULUSLARARASI-STERILIZASYON-DEZENFEKSIYON-KONGRESI-2-1-705x397.jpeg\" title=\"12.ULUSLARARASI STER\u0130L\u0130ZASYON DEZENFEKS\u0130YON KONGRES\u0130-2\" alt=\"\" srcset=\"https:\/\/farmaso.com\/wp-content\/uploads\/2022\/02\/12.ULUSLARARASI-STERILIZASYON-DEZENFEKSIYON-KONGRESI-2-1-705x397.jpeg 705w, https:\/\/farmaso.com\/wp-content\/uploads\/2022\/02\/12.ULUSLARARASI-STERILIZASYON-DEZENFEKSIYON-KONGRESI-2-1-300x169.jpeg 300w, https:\/\/farmaso.com\/wp-content\/uploads\/2022\/02\/12.ULUSLARARASI-STERILIZASYON-DEZENFEKSIYON-KONGRESI-2-1-1030x579.jpeg 1030w, https:\/\/farmaso.com\/wp-content\/uploads\/2022\/02\/12.ULUSLARARASI-STERILIZASYON-DEZENFEKSIYON-KONGRESI-2-1-768x432.jpeg 768w, https:\/\/farmaso.com\/wp-content\/uploads\/2022\/02\/12.ULUSLARARASI-STERILIZASYON-DEZENFEKSIYON-KONGRESI-2-1-1536x864.jpeg 1536w, https:\/\/farmaso.com\/wp-content\/uploads\/2022\/02\/12.ULUSLARARASI-STERILIZASYON-DEZENFEKSIYON-KONGRESI-2-1-1500x844.jpeg 1500w, https:\/\/farmaso.com\/wp-content\/uploads\/2022\/02\/12.ULUSLARARASI-STERILIZASYON-DEZENFEKSIYON-KONGRESI-2-1-450x253.jpeg 450w, https:\/\/farmaso.com\/wp-content\/uploads\/2022\/02\/12.ULUSLARARASI-STERILIZASYON-DEZENFEKSIYON-KONGRESI-2-1.jpeg 2048w\" sizes=\"(max-width: 705px) 100vw, 705px\" \/><\/div><\/div><\/figure><\/a><!--end av-masonry entry--><a href=\"https:\/\/farmaso.com\/wp-content\/uploads\/2023\/01\/f6c7f6b2-dbef-429b-9f3d-f8e7e86d9d18-1030x579.jpg\" data-srcset=\"https:\/\/farmaso.com\/wp-content\/uploads\/2023\/01\/f6c7f6b2-dbef-429b-9f3d-f8e7e86d9d18-1030x579.jpg 1030w, https:\/\/farmaso.com\/wp-content\/uploads\/2023\/01\/f6c7f6b2-dbef-429b-9f3d-f8e7e86d9d18-300x169.jpg 300w, https:\/\/farmaso.com\/wp-content\/uploads\/2023\/01\/f6c7f6b2-dbef-429b-9f3d-f8e7e86d9d18-768x432.jpg 768w, https:\/\/farmaso.com\/wp-content\/uploads\/2023\/01\/f6c7f6b2-dbef-429b-9f3d-f8e7e86d9d18-1536x864.jpg 1536w, https:\/\/farmaso.com\/wp-content\/uploads\/2023\/01\/f6c7f6b2-dbef-429b-9f3d-f8e7e86d9d18-1500x844.jpg 1500w, https:\/\/farmaso.com\/wp-content\/uploads\/2023\/01\/f6c7f6b2-dbef-429b-9f3d-f8e7e86d9d18-705x397.jpg 705w, https:\/\/farmaso.com\/wp-content\/uploads\/2023\/01\/f6c7f6b2-dbef-429b-9f3d-f8e7e86d9d18.jpg 2048w\" data-sizes=\"(max-width: 1030px) 100vw, 1030px\"  aria-label=\"image f6c7f6b2-dbef-429b-9f3d-f8e7e86d9d18\"  id='av-masonry-1-item-3366' data-av-masonry-item='3366' class='av-masonry-entry isotope-item post-3366 attachment type-attachment status-inherit hentry  av-masonry-item-with-image' title=\"f6c7f6b2-dbef-429b-9f3d-f8e7e86d9d18\" alt=\"\"    itemprop=\"thumbnailUrl\" ><div class='av-inner-masonry-sizer'><\/div><figure class='av-inner-masonry main_color'><div class=\"av-masonry-outerimage-container\"><div class='av-masonry-image-container'   ><img decoding=\"async\" width=\"705\" height=\"397\" fetchpriority=\"high\" class=\"wp-image-3366 avia-img-lazy-loading-not-3366\"  src=\"https:\/\/farmaso.com\/wp-content\/uploads\/2023\/01\/f6c7f6b2-dbef-429b-9f3d-f8e7e86d9d18-705x397.jpg\" title=\"f6c7f6b2-dbef-429b-9f3d-f8e7e86d9d18\" alt=\"\" srcset=\"https:\/\/farmaso.com\/wp-content\/uploads\/2023\/01\/f6c7f6b2-dbef-429b-9f3d-f8e7e86d9d18-705x397.jpg 705w, https:\/\/farmaso.com\/wp-content\/uploads\/2023\/01\/f6c7f6b2-dbef-429b-9f3d-f8e7e86d9d18-300x169.jpg 300w, https:\/\/farmaso.com\/wp-content\/uploads\/2023\/01\/f6c7f6b2-dbef-429b-9f3d-f8e7e86d9d18-1030x579.jpg 1030w, https:\/\/farmaso.com\/wp-content\/uploads\/2023\/01\/f6c7f6b2-dbef-429b-9f3d-f8e7e86d9d18-768x432.jpg 768w, https:\/\/farmaso.com\/wp-content\/uploads\/2023\/01\/f6c7f6b2-dbef-429b-9f3d-f8e7e86d9d18-1536x864.jpg 1536w, https:\/\/farmaso.com\/wp-content\/uploads\/2023\/01\/f6c7f6b2-dbef-429b-9f3d-f8e7e86d9d18-1500x844.jpg 1500w, https:\/\/farmaso.com\/wp-content\/uploads\/2023\/01\/f6c7f6b2-dbef-429b-9f3d-f8e7e86d9d18.jpg 2048w\" sizes=\"(max-width: 705px) 100vw, 705px\" \/><\/div><\/div><\/figure><\/a><!--end av-masonry entry--><a href=\"https:\/\/farmaso.com\/wp-content\/uploads\/2023\/01\/IMG_0511-926x1030.jpeg\" data-srcset=\"https:\/\/farmaso.com\/wp-content\/uploads\/2023\/01\/IMG_0511-926x1030.jpeg 926w, https:\/\/farmaso.com\/wp-content\/uploads\/2023\/01\/IMG_0511-270x300.jpeg 270w, https:\/\/farmaso.com\/wp-content\/uploads\/2023\/01\/IMG_0511-768x854.jpeg 768w, https:\/\/farmaso.com\/wp-content\/uploads\/2023\/01\/IMG_0511-634x705.jpeg 634w, https:\/\/farmaso.com\/wp-content\/uploads\/2023\/01\/IMG_0511.jpeg 975w\" data-sizes=\"(max-width: 926px) 100vw, 926px\"  aria-label=\"image IMG_0511\"  id='av-masonry-1-item-3367' data-av-masonry-item='3367' class='av-masonry-entry isotope-item post-3367 attachment type-attachment status-inherit hentry  av-masonry-item-with-image' title=\"IMG_0511\" alt=\"\"    itemprop=\"thumbnailUrl\" ><div class='av-inner-masonry-sizer'><\/div><figure class='av-inner-masonry main_color'><div class=\"av-masonry-outerimage-container\"><div class='av-masonry-image-container'   ><img decoding=\"async\" width=\"634\" height=\"705\" fetchpriority=\"high\" class=\"wp-image-3367 avia-img-lazy-loading-not-3367\"  src=\"https:\/\/farmaso.com\/wp-content\/uploads\/2023\/01\/IMG_0511-634x705.jpeg\" title=\"IMG_0511\" alt=\"\" srcset=\"https:\/\/farmaso.com\/wp-content\/uploads\/2023\/01\/IMG_0511-634x705.jpeg 634w, https:\/\/farmaso.com\/wp-content\/uploads\/2023\/01\/IMG_0511-270x300.jpeg 270w, https:\/\/farmaso.com\/wp-content\/uploads\/2023\/01\/IMG_0511-926x1030.jpeg 926w, https:\/\/farmaso.com\/wp-content\/uploads\/2023\/01\/IMG_0511-768x854.jpeg 768w, https:\/\/farmaso.com\/wp-content\/uploads\/2023\/01\/IMG_0511.jpeg 975w\" sizes=\"(max-width: 634px) 100vw, 634px\" \/><\/div><\/div><\/figure><\/a><!--end av-masonry entry--><\/div><\/div>\n\n<style type=\"text\/css\" data-created_by=\"avia_inline_auto\" id=\"style-css-av-kkbbdz36-1-2366bbe243b26589c6002b6c13d8b4b1\">\n#top .hr.hr-invisible.av-kkbbdz36-1-2366bbe243b26589c6002b6c13d8b4b1{\nheight:30px;\n}\n<\/style>\n<div  class='hr av-kkbbdz36-1-2366bbe243b26589c6002b6c13d8b4b1 hr-invisible  avia-builder-el-6  el_after_av_masonry_gallery  avia-builder-el-no-sibling '><span class='hr-inner '><span class=\"hr-inner-style\"><\/span><\/span><\/div>\n\n","protected":false},"excerpt":{"rendered":"","protected":false},"author":2,"featured_media":0,"parent":0,"menu_order":0,"comment_status":"closed","ping_status":"closed","template":"","meta":{"footnotes":""},"class_list":["post-5210","page","type-page","status-publish","hentry"],"yoast_head":"<!-- This site is optimized with the Yoast SEO plugin v22.0 - https:\/\/yoast.com\/wordpress\/plugins\/seo\/ -->\n<title>INTERNATIONAL STERILIZATION DISINFECTION CONGRESS - Farmaso<\/title>\n<meta name=\"robots\" content=\"index, follow, max-snippet:-1, max-image-preview:large, max-video-preview:-1\" \/>\n<link rel=\"canonical\" href=\"https:\/\/farmaso.com\/en\/uluslararasi-sterilizasyon-dezenfeksiyon-kongresi\/\" \/>\n<meta property=\"og:locale\" content=\"en_US\" \/>\n<meta property=\"og:type\" content=\"article\" \/>\n<meta property=\"og:title\" content=\"INTERNATIONAL STERILIZATION DISINFECTION CONGRESS - Farmaso\" \/>\n<meta property=\"og:url\" content=\"https:\/\/farmaso.com\/en\/uluslararasi-sterilizasyon-dezenfeksiyon-kongresi\/\" \/>\n<meta property=\"og:site_name\" content=\"Farmaso\" \/>\n<meta property=\"article:publisher\" content=\"http:\/\/facebook.com\/farmasoilacas\" \/>\n<meta property=\"article:modified_time\" content=\"2023-11-07T07:45:00+00:00\" \/>\n<meta name=\"twitter:card\" content=\"summary_large_image\" \/>\n<meta name=\"twitter:label1\" content=\"Est. reading time\" \/>\n\t<meta name=\"twitter:data1\" content=\"2 minutes\" \/>\n<script type=\"application\/ld+json\" class=\"yoast-schema-graph\">{\"@context\":\"https:\/\/schema.org\",\"@graph\":[{\"@type\":\"WebPage\",\"@id\":\"https:\/\/farmaso.com\/en\/uluslararasi-sterilizasyon-dezenfeksiyon-kongresi\/\",\"url\":\"https:\/\/farmaso.com\/en\/uluslararasi-sterilizasyon-dezenfeksiyon-kongresi\/\",\"name\":\"INTERNATIONAL STERILIZATION DISINFECTION CONGRESS - Farmaso\",\"isPartOf\":{\"@id\":\"https:\/\/farmaso.com\/#website\"},\"datePublished\":\"2022-02-03T15:11:18+00:00\",\"dateModified\":\"2023-11-07T07:45:00+00:00\",\"breadcrumb\":{\"@id\":\"https:\/\/farmaso.com\/en\/uluslararasi-sterilizasyon-dezenfeksiyon-kongresi\/#breadcrumb\"},\"inLanguage\":\"en-US\",\"potentialAction\":[{\"@type\":\"ReadAction\",\"target\":[\"https:\/\/farmaso.com\/en\/uluslararasi-sterilizasyon-dezenfeksiyon-kongresi\/\"]}]},{\"@type\":\"BreadcrumbList\",\"@id\":\"https:\/\/farmaso.com\/en\/uluslararasi-sterilizasyon-dezenfeksiyon-kongresi\/#breadcrumb\",\"itemListElement\":[{\"@type\":\"ListItem\",\"position\":1,\"name\":\"Ana sayfa\",\"item\":\"https:\/\/farmaso.com\/en\/farmaso-ana-sayfa\/\"},{\"@type\":\"ListItem\",\"position\":2,\"name\":\"INTERNATIONAL STERILIZATION DISINFECTION CONGRESS\"}]},{\"@type\":\"WebSite\",\"@id\":\"https:\/\/farmaso.com\/#website\",\"url\":\"https:\/\/farmaso.com\/\",\"name\":\"Farmaso\",\"description\":\"Yara ve Cilt Bak\u0131m\u0131\",\"publisher\":{\"@id\":\"https:\/\/farmaso.com\/#organization\"},\"potentialAction\":[{\"@type\":\"SearchAction\",\"target\":{\"@type\":\"EntryPoint\",\"urlTemplate\":\"https:\/\/farmaso.com\/?s={search_term_string}\"},\"query-input\":\"required name=search_term_string\"}],\"inLanguage\":\"en-US\"},{\"@type\":\"Organization\",\"@id\":\"https:\/\/farmaso.com\/#organization\",\"name\":\"Farmaso\",\"url\":\"https:\/\/farmaso.com\/\",\"logo\":{\"@type\":\"ImageObject\",\"inLanguage\":\"en-US\",\"@id\":\"https:\/\/farmaso.com\/#\/schema\/logo\/image\/\",\"url\":\"https:\/\/farmaso.com\/wp-content\/uploads\/2019\/02\/farmaso-logo-web-1.png\",\"contentUrl\":\"https:\/\/farmaso.com\/wp-content\/uploads\/2019\/02\/farmaso-logo-web-1.png\",\"width\":575,\"height\":170,\"caption\":\"Farmaso\"},\"image\":{\"@id\":\"https:\/\/farmaso.com\/#\/schema\/logo\/image\/\"},\"sameAs\":[\"http:\/\/facebook.com\/farmasoilacas\",\"http:\/\/instagram.com\/farmisolantiseptik\"]}]}<\/script>\n<!-- \/ Yoast SEO plugin. -->","yoast_head_json":{"title":"INTERNATIONAL STERILIZATION DISINFECTION CONGRESS - Farmaso","robots":{"index":"index","follow":"follow","max-snippet":"max-snippet:-1","max-image-preview":"max-image-preview:large","max-video-preview":"max-video-preview:-1"},"canonical":"https:\/\/farmaso.com\/en\/uluslararasi-sterilizasyon-dezenfeksiyon-kongresi\/","og_locale":"en_US","og_type":"article","og_title":"INTERNATIONAL STERILIZATION DISINFECTION CONGRESS - Farmaso","og_url":"https:\/\/farmaso.com\/en\/uluslararasi-sterilizasyon-dezenfeksiyon-kongresi\/","og_site_name":"Farmaso","article_publisher":"http:\/\/facebook.com\/farmasoilacas","article_modified_time":"2023-11-07T07:45:00+00:00","twitter_card":"summary_large_image","twitter_misc":{"Est. reading time":"2 minutes"},"schema":{"@context":"https:\/\/schema.org","@graph":[{"@type":"WebPage","@id":"https:\/\/farmaso.com\/en\/uluslararasi-sterilizasyon-dezenfeksiyon-kongresi\/","url":"https:\/\/farmaso.com\/en\/uluslararasi-sterilizasyon-dezenfeksiyon-kongresi\/","name":"INTERNATIONAL STERILIZATION DISINFECTION CONGRESS - Farmaso","isPartOf":{"@id":"https:\/\/farmaso.com\/#website"},"datePublished":"2022-02-03T15:11:18+00:00","dateModified":"2023-11-07T07:45:00+00:00","breadcrumb":{"@id":"https:\/\/farmaso.com\/en\/uluslararasi-sterilizasyon-dezenfeksiyon-kongresi\/#breadcrumb"},"inLanguage":"en-US","potentialAction":[{"@type":"ReadAction","target":["https:\/\/farmaso.com\/en\/uluslararasi-sterilizasyon-dezenfeksiyon-kongresi\/"]}]},{"@type":"BreadcrumbList","@id":"https:\/\/farmaso.com\/en\/uluslararasi-sterilizasyon-dezenfeksiyon-kongresi\/#breadcrumb","itemListElement":[{"@type":"ListItem","position":1,"name":"Ana sayfa","item":"https:\/\/farmaso.com\/en\/farmaso-ana-sayfa\/"},{"@type":"ListItem","position":2,"name":"INTERNATIONAL STERILIZATION DISINFECTION CONGRESS"}]},{"@type":"WebSite","@id":"https:\/\/farmaso.com\/#website","url":"https:\/\/farmaso.com\/","name":"Farmaso","description":"Yara ve Cilt Bak\u0131m\u0131","publisher":{"@id":"https:\/\/farmaso.com\/#organization"},"potentialAction":[{"@type":"SearchAction","target":{"@type":"EntryPoint","urlTemplate":"https:\/\/farmaso.com\/?s={search_term_string}"},"query-input":"required name=search_term_string"}],"inLanguage":"en-US"},{"@type":"Organization","@id":"https:\/\/farmaso.com\/#organization","name":"Farmaso","url":"https:\/\/farmaso.com\/","logo":{"@type":"ImageObject","inLanguage":"en-US","@id":"https:\/\/farmaso.com\/#\/schema\/logo\/image\/","url":"https:\/\/farmaso.com\/wp-content\/uploads\/2019\/02\/farmaso-logo-web-1.png","contentUrl":"https:\/\/farmaso.com\/wp-content\/uploads\/2019\/02\/farmaso-logo-web-1.png","width":575,"height":170,"caption":"Farmaso"},"image":{"@id":"https:\/\/farmaso.com\/#\/schema\/logo\/image\/"},"sameAs":["http:\/\/facebook.com\/farmasoilacas","http:\/\/instagram.com\/farmisolantiseptik"]}]}},"_links":{"self":[{"href":"https:\/\/farmaso.com\/en\/wp-json\/wp\/v2\/pages\/5210","targetHints":{"allow":["GET"]}}],"collection":[{"href":"https:\/\/farmaso.com\/en\/wp-json\/wp\/v2\/pages"}],"about":[{"href":"https:\/\/farmaso.com\/en\/wp-json\/wp\/v2\/types\/page"}],"author":[{"embeddable":true,"href":"https:\/\/farmaso.com\/en\/wp-json\/wp\/v2\/users\/2"}],"replies":[{"embeddable":true,"href":"https:\/\/farmaso.com\/en\/wp-json\/wp\/v2\/comments?post=5210"}],"version-history":[{"count":0,"href":"https:\/\/farmaso.com\/en\/wp-json\/wp\/v2\/pages\/5210\/revisions"}],"wp:attachment":[{"href":"https:\/\/farmaso.com\/en\/wp-json\/wp\/v2\/media?parent=5210"}],"curies":[{"name":"wp","href":"https:\/\/api.w.org\/{rel}","templated":true}]}}