{"id":5242,"date":"2022-02-03T18:14:38","date_gmt":"2022-02-03T15:14:38","guid":{"rendered":"https:\/\/farmaso.com\/?page_id=5242"},"modified":"2023-11-07T11:26:13","modified_gmt":"2023-11-07T08:26:13","slug":"ulusal-cocuk-cerrahisi-kongresi","status":"publish","type":"page","link":"https:\/\/farmaso.com\/en\/ulusal-cocuk-cerrahisi-kongresi\/","title":{"rendered":"NATIONAL CHILD SURGERY CONGRESS"},"content":{"rendered":"<div id='av_section_1'  class='avia-section av-8a3qu-050e9499bd96f225536358b2a49316f4 main_color avia-section-default avia-no-border-styling  avia-builder-el-0  avia-builder-el-no-sibling  avia-bg-style-scroll container_wrap fullsize'  ><div class='container av-section-cont-open' ><main  role=\"main\" itemprop=\"mainContentOfPage\"  class='template-page content  av-content-full alpha units'><div class='post-entry post-entry-type-page post-entry-5242'><div class='entry-content-wrapper clearfix'>\n\n<style type=\"text\/css\" data-created_by=\"avia_inline_auto\" id=\"style-css-av-kz74d5w5-0eaee0df8b5b2102340d0a527bddf96e\">\n#top .av-special-heading.av-kz74d5w5-0eaee0df8b5b2102340d0a527bddf96e{\npadding-bottom:50px;\n}\nbody .av-special-heading.av-kz74d5w5-0eaee0df8b5b2102340d0a527bddf96e .av-special-heading-tag .heading-char{\nfont-size:25px;\n}\n.av-special-heading.av-kz74d5w5-0eaee0df8b5b2102340d0a527bddf96e .av-subheading{\nfont-size:15px;\n}\n<\/style>\n<div  class='av-special-heading av-kz74d5w5-0eaee0df8b5b2102340d0a527bddf96e av-special-heading-h1 blockquote modern-quote modern-centered  avia-builder-el-1  el_before_av_image  avia-builder-el-first  av-linked-heading'><h1 class='av-special-heading-tag'  itemprop=\"headline\"  >38th NATIONAL CHILD SURGERY CONGRESS<\/h1><div class='av-subheading av-subheading_below'><p>25 &#8211; 28 November 2021 Susesi Hotel, Antalya \/ TURKIYE<\/p>\n<\/div><div class=\"special-heading-border\"><div class=\"special-heading-inner-border\"><\/div><\/div><\/div>\n\n<style type=\"text\/css\" data-created_by=\"avia_inline_auto\" id=\"style-css-av-ldiwj15r-5c6126b19c532ac7c8eff1a17b63df99\">\n.avia-image-container.av-ldiwj15r-5c6126b19c532ac7c8eff1a17b63df99 img.avia_image{\nbox-shadow:none;\n}\n.avia-image-container.av-ldiwj15r-5c6126b19c532ac7c8eff1a17b63df99 .av-image-caption-overlay-center{\ncolor:#ffffff;\n}\n<\/style>\n<div  class='avia-image-container av-ldiwj15r-5c6126b19c532ac7c8eff1a17b63df99 av-styling- avia-align-center  avia-builder-el-2  el_after_av_heading  el_before_av_hr '   itemprop=\"image\" itemscope=\"itemscope\" itemtype=\"https:\/\/schema.org\/ImageObject\" ><div class=\"avia-image-container-inner\"><div class=\"avia-image-overlay-wrap\"><img decoding=\"async\" fetchpriority=\"high\" class='wp-image-3360 avia-img-lazy-loading-not-3360 avia_image ' src=\"https:\/\/farmaso.com\/wp-content\/uploads\/2023\/01\/Cocuk-cerrahi-kongresi-705x672.jpg\" alt='' title='\u00c7ocuk cerrahi kongresi'  height=\"672\" width=\"705\"  itemprop=\"thumbnailUrl\" srcset=\"https:\/\/farmaso.com\/wp-content\/uploads\/2023\/01\/Cocuk-cerrahi-kongresi-705x672.jpg 705w, https:\/\/farmaso.com\/wp-content\/uploads\/2023\/01\/Cocuk-cerrahi-kongresi-300x286.jpg 300w, https:\/\/farmaso.com\/wp-content\/uploads\/2023\/01\/Cocuk-cerrahi-kongresi-1030x982.jpg 1030w, https:\/\/farmaso.com\/wp-content\/uploads\/2023\/01\/Cocuk-cerrahi-kongresi-768x732.jpg 768w, https:\/\/farmaso.com\/wp-content\/uploads\/2023\/01\/Cocuk-cerrahi-kongresi.jpg 1066w\" sizes=\"(max-width: 705px) 100vw, 705px\" \/><\/div><\/div><\/div>\n\n<style type=\"text\/css\" data-created_by=\"avia_inline_auto\" id=\"style-css-av-kkbbdz36-aa9712c1e59e3774ec8b39ee613ca4e1\">\n#top .hr.hr-invisible.av-kkbbdz36-aa9712c1e59e3774ec8b39ee613ca4e1{\nheight:50px;\n}\n<\/style>\n<div  class='hr av-kkbbdz36-aa9712c1e59e3774ec8b39ee613ca4e1 hr-invisible  avia-builder-el-3  el_after_av_image  el_before_av_heading '><span class='hr-inner '><span class=\"hr-inner-style\"><\/span><\/span><\/div>\n\n<style type=\"text\/css\" data-created_by=\"avia_inline_auto\" id=\"style-css-av-1yhchr-2ff8ea1a8e3efbb71ad61c150433d333\">\n#top .av-special-heading.av-1yhchr-2ff8ea1a8e3efbb71ad61c150433d333{\npadding-bottom:50px;\n}\nbody .av-special-heading.av-1yhchr-2ff8ea1a8e3efbb71ad61c150433d333 .av-special-heading-tag .heading-char{\nfont-size:25px;\n}\n.av-special-heading.av-1yhchr-2ff8ea1a8e3efbb71ad61c150433d333 .av-subheading{\nfont-size:15px;\n}\n<\/style>\n<div  class='av-special-heading av-1yhchr-2ff8ea1a8e3efbb71ad61c150433d333 av-special-heading-h2 blockquote modern-quote modern-centered  avia-builder-el-4  el_after_av_hr  el_before_av_masonry_gallery  avia-builder-el-last  av-linked-heading'><h2 class='av-special-heading-tag'  itemprop=\"headline\"  >PHOTOS<\/h2><div class=\"special-heading-border\"><div class=\"special-heading-inner-border\"><\/div><\/div><\/div>\n<div id='av-masonry-1' class='av-masonry av-kwp2cb21-cdd2f2503796562aba738109e62da2bc noHover av-flex-size av-large-gap av-hover-overlay-active av-masonry-animation-active av-masonry-col-flexible av-caption-always av-caption-style- av-masonry-gallery ' data-post_id=\"5242\"><div class=\"av-masonry-container isotope av-js-disabled\"><div class='av-masonry-entry isotope-item av-masonry-item-no-image '><\/div><a href=\"https:\/\/farmaso.com\/wp-content\/uploads\/2023\/01\/2835cd37-87c6-4abb-8142-8d9934a62c9a.jpg\" data-srcset=\"https:\/\/farmaso.com\/wp-content\/uploads\/2023\/01\/2835cd37-87c6-4abb-8142-8d9934a62c9a.jpg 1024w, https:\/\/farmaso.com\/wp-content\/uploads\/2023\/01\/2835cd37-87c6-4abb-8142-8d9934a62c9a-300x169.jpg 300w, https:\/\/farmaso.com\/wp-content\/uploads\/2023\/01\/2835cd37-87c6-4abb-8142-8d9934a62c9a-768x432.jpg 768w, https:\/\/farmaso.com\/wp-content\/uploads\/2023\/01\/2835cd37-87c6-4abb-8142-8d9934a62c9a-705x397.jpg 705w\" data-sizes=\"(max-width: 1024px) 100vw, 1024px\"  aria-label=\"image 2835cd37-87c6-4abb-8142-8d9934a62c9a\"  id='av-masonry-1-item-3363' data-av-masonry-item='3363' class='av-masonry-entry isotope-item post-3363 attachment type-attachment status-inherit hentry  av-masonry-item-with-image' title=\"2835cd37-87c6-4abb-8142-8d9934a62c9a\" alt=\"\"    itemprop=\"thumbnailUrl\" ><div class='av-inner-masonry-sizer'><\/div><figure class='av-inner-masonry main_color'><div class=\"av-masonry-outerimage-container\"><div class='av-masonry-image-container'   ><img decoding=\"async\" width=\"705\" height=\"397\" fetchpriority=\"high\" class=\"wp-image-3363 avia-img-lazy-loading-not-3363\"  src=\"https:\/\/farmaso.com\/wp-content\/uploads\/2023\/01\/2835cd37-87c6-4abb-8142-8d9934a62c9a-705x397.jpg\" title=\"2835cd37-87c6-4abb-8142-8d9934a62c9a\" alt=\"\" srcset=\"https:\/\/farmaso.com\/wp-content\/uploads\/2023\/01\/2835cd37-87c6-4abb-8142-8d9934a62c9a-705x397.jpg 705w, https:\/\/farmaso.com\/wp-content\/uploads\/2023\/01\/2835cd37-87c6-4abb-8142-8d9934a62c9a-300x169.jpg 300w, https:\/\/farmaso.com\/wp-content\/uploads\/2023\/01\/2835cd37-87c6-4abb-8142-8d9934a62c9a-768x432.jpg 768w, https:\/\/farmaso.com\/wp-content\/uploads\/2023\/01\/2835cd37-87c6-4abb-8142-8d9934a62c9a.jpg 1024w\" sizes=\"(max-width: 705px) 100vw, 705px\" \/><\/div><\/div><\/figure><\/a><!--end av-masonry entry--><a href=\"https:\/\/farmaso.com\/wp-content\/uploads\/2023\/01\/3e52eb95-856e-4d5f-ae2e-6d0044a0d850.jpg\" data-srcset=\"https:\/\/farmaso.com\/wp-content\/uploads\/2023\/01\/3e52eb95-856e-4d5f-ae2e-6d0044a0d850.jpg 1024w, https:\/\/farmaso.com\/wp-content\/uploads\/2023\/01\/3e52eb95-856e-4d5f-ae2e-6d0044a0d850-300x225.jpg 300w, https:\/\/farmaso.com\/wp-content\/uploads\/2023\/01\/3e52eb95-856e-4d5f-ae2e-6d0044a0d850-768x575.jpg 768w, https:\/\/farmaso.com\/wp-content\/uploads\/2023\/01\/3e52eb95-856e-4d5f-ae2e-6d0044a0d850-705x528.jpg 705w\" data-sizes=\"(max-width: 1024px) 100vw, 1024px\"  aria-label=\"image 3e52eb95-856e-4d5f-ae2e-6d0044a0d850\"  id='av-masonry-1-item-3361' data-av-masonry-item='3361' class='av-masonry-entry isotope-item post-3361 attachment type-attachment status-inherit hentry  av-masonry-item-with-image' title=\"3e52eb95-856e-4d5f-ae2e-6d0044a0d850\" alt=\"\"    itemprop=\"thumbnailUrl\" ><div class='av-inner-masonry-sizer'><\/div><figure class='av-inner-masonry main_color'><div class=\"av-masonry-outerimage-container\"><div class='av-masonry-image-container'   ><img decoding=\"async\" width=\"705\" height=\"528\" fetchpriority=\"high\" class=\"wp-image-3361 avia-img-lazy-loading-not-3361\"  src=\"https:\/\/farmaso.com\/wp-content\/uploads\/2023\/01\/3e52eb95-856e-4d5f-ae2e-6d0044a0d850-705x528.jpg\" title=\"3e52eb95-856e-4d5f-ae2e-6d0044a0d850\" alt=\"\" srcset=\"https:\/\/farmaso.com\/wp-content\/uploads\/2023\/01\/3e52eb95-856e-4d5f-ae2e-6d0044a0d850-705x528.jpg 705w, https:\/\/farmaso.com\/wp-content\/uploads\/2023\/01\/3e52eb95-856e-4d5f-ae2e-6d0044a0d850-300x225.jpg 300w, https:\/\/farmaso.com\/wp-content\/uploads\/2023\/01\/3e52eb95-856e-4d5f-ae2e-6d0044a0d850-768x575.jpg 768w, https:\/\/farmaso.com\/wp-content\/uploads\/2023\/01\/3e52eb95-856e-4d5f-ae2e-6d0044a0d850.jpg 1024w\" sizes=\"(max-width: 705px) 100vw, 705px\" \/><\/div><\/div><\/figure><\/a><!--end av-masonry entry--><a href=\"https:\/\/farmaso.com\/wp-content\/uploads\/2022\/02\/38.-ULUSAL-COCUK-CERRAHISI-KONGRESI.jpeg\" data-srcset=\"https:\/\/farmaso.com\/wp-content\/uploads\/2022\/02\/38.-ULUSAL-COCUK-CERRAHISI-KONGRESI.jpeg 576w, https:\/\/farmaso.com\/wp-content\/uploads\/2022\/02\/38.-ULUSAL-COCUK-CERRAHISI-KONGRESI-169x300.jpeg 169w, https:\/\/farmaso.com\/wp-content\/uploads\/2022\/02\/38.-ULUSAL-COCUK-CERRAHISI-KONGRESI-397x705.jpeg 397w, https:\/\/farmaso.com\/wp-content\/uploads\/2022\/02\/38.-ULUSAL-COCUK-CERRAHISI-KONGRESI-450x800.jpeg 450w\" data-sizes=\"(max-width: 576px) 100vw, 576px\"  aria-label=\"image 38. ULUSAL \u00c7OCUK CERRAH\u0130S\u0130 KONGRES\u0130\"  id='av-masonry-1-item-2465' data-av-masonry-item='2465' class='av-masonry-entry isotope-item post-2465 attachment type-attachment status-inherit hentry  av-masonry-item-with-image' title=\"38. ULUSAL \u00c7OCUK CERRAH\u0130S\u0130 KONGRES\u0130\" alt=\"\"    itemprop=\"thumbnailUrl\" ><div class='av-inner-masonry-sizer'><\/div><figure class='av-inner-masonry main_color'><div class=\"av-masonry-outerimage-container\"><div class='av-masonry-image-container'   ><img decoding=\"async\" width=\"397\" height=\"705\" fetchpriority=\"high\" class=\"wp-image-2465 avia-img-lazy-loading-not-2465\"  src=\"https:\/\/farmaso.com\/wp-content\/uploads\/2022\/02\/38.-ULUSAL-COCUK-CERRAHISI-KONGRESI-397x705.jpeg\" title=\"38. ULUSAL \u00c7OCUK CERRAH\u0130S\u0130 KONGRES\u0130\" alt=\"\" srcset=\"https:\/\/farmaso.com\/wp-content\/uploads\/2022\/02\/38.-ULUSAL-COCUK-CERRAHISI-KONGRESI-397x705.jpeg 397w, https:\/\/farmaso.com\/wp-content\/uploads\/2022\/02\/38.-ULUSAL-COCUK-CERRAHISI-KONGRESI-169x300.jpeg 169w, https:\/\/farmaso.com\/wp-content\/uploads\/2022\/02\/38.-ULUSAL-COCUK-CERRAHISI-KONGRESI-450x800.jpeg 450w, https:\/\/farmaso.com\/wp-content\/uploads\/2022\/02\/38.-ULUSAL-COCUK-CERRAHISI-KONGRESI.jpeg 576w\" sizes=\"(max-width: 397px) 100vw, 397px\" \/><\/div><\/div><\/figure><\/a><!--end av-masonry entry--><\/div><\/div>\n\n<style type=\"text\/css\" data-created_by=\"avia_inline_auto\" id=\"style-css-av-kkbbdz36-1-2366bbe243b26589c6002b6c13d8b4b1\">\n#top .hr.hr-invisible.av-kkbbdz36-1-2366bbe243b26589c6002b6c13d8b4b1{\nheight:30px;\n}\n<\/style>\n<div  class='hr av-kkbbdz36-1-2366bbe243b26589c6002b6c13d8b4b1 hr-invisible  avia-builder-el-6  el_after_av_masonry_gallery  avia-builder-el-no-sibling '><span class='hr-inner '><span class=\"hr-inner-style\"><\/span><\/span><\/div>\n\n","protected":false},"excerpt":{"rendered":"","protected":false},"author":2,"featured_media":0,"parent":0,"menu_order":0,"comment_status":"closed","ping_status":"closed","template":"","meta":{"footnotes":""},"class_list":["post-5242","page","type-page","status-publish","hentry"],"yoast_head":"<!-- This site is optimized with the Yoast SEO plugin v22.0 - https:\/\/yoast.com\/wordpress\/plugins\/seo\/ -->\n<title>NATIONAL CHILD SURGERY CONGRESS - Farmaso<\/title>\n<meta name=\"robots\" content=\"index, follow, max-snippet:-1, max-image-preview:large, max-video-preview:-1\" \/>\n<link rel=\"canonical\" href=\"https:\/\/farmaso.com\/en\/ulusal-cocuk-cerrahisi-kongresi\/\" \/>\n<meta property=\"og:locale\" content=\"en_US\" \/>\n<meta property=\"og:type\" content=\"article\" \/>\n<meta property=\"og:title\" content=\"NATIONAL CHILD SURGERY CONGRESS - Farmaso\" \/>\n<meta property=\"og:url\" content=\"https:\/\/farmaso.com\/en\/ulusal-cocuk-cerrahisi-kongresi\/\" \/>\n<meta property=\"og:site_name\" content=\"Farmaso\" \/>\n<meta property=\"article:publisher\" content=\"http:\/\/facebook.com\/farmasoilacas\" \/>\n<meta property=\"article:modified_time\" content=\"2023-11-07T08:26:13+00:00\" \/>\n<meta name=\"twitter:card\" content=\"summary_large_image\" \/>\n<meta name=\"twitter:label1\" content=\"Est. reading time\" \/>\n\t<meta name=\"twitter:data1\" content=\"2 minutes\" \/>\n<script type=\"application\/ld+json\" class=\"yoast-schema-graph\">{\"@context\":\"https:\/\/schema.org\",\"@graph\":[{\"@type\":\"WebPage\",\"@id\":\"https:\/\/farmaso.com\/en\/ulusal-cocuk-cerrahisi-kongresi\/\",\"url\":\"https:\/\/farmaso.com\/en\/ulusal-cocuk-cerrahisi-kongresi\/\",\"name\":\"NATIONAL CHILD SURGERY CONGRESS - Farmaso\",\"isPartOf\":{\"@id\":\"https:\/\/farmaso.com\/#website\"},\"datePublished\":\"2022-02-03T15:14:38+00:00\",\"dateModified\":\"2023-11-07T08:26:13+00:00\",\"breadcrumb\":{\"@id\":\"https:\/\/farmaso.com\/en\/ulusal-cocuk-cerrahisi-kongresi\/#breadcrumb\"},\"inLanguage\":\"en-US\",\"potentialAction\":[{\"@type\":\"ReadAction\",\"target\":[\"https:\/\/farmaso.com\/en\/ulusal-cocuk-cerrahisi-kongresi\/\"]}]},{\"@type\":\"BreadcrumbList\",\"@id\":\"https:\/\/farmaso.com\/en\/ulusal-cocuk-cerrahisi-kongresi\/#breadcrumb\",\"itemListElement\":[{\"@type\":\"ListItem\",\"position\":1,\"name\":\"Ana sayfa\",\"item\":\"https:\/\/farmaso.com\/en\/farmaso-ana-sayfa\/\"},{\"@type\":\"ListItem\",\"position\":2,\"name\":\"NATIONAL CHILD SURGERY CONGRESS\"}]},{\"@type\":\"WebSite\",\"@id\":\"https:\/\/farmaso.com\/#website\",\"url\":\"https:\/\/farmaso.com\/\",\"name\":\"Farmaso\",\"description\":\"Yara ve Cilt Bak\u0131m\u0131\",\"publisher\":{\"@id\":\"https:\/\/farmaso.com\/#organization\"},\"potentialAction\":[{\"@type\":\"SearchAction\",\"target\":{\"@type\":\"EntryPoint\",\"urlTemplate\":\"https:\/\/farmaso.com\/?s={search_term_string}\"},\"query-input\":\"required name=search_term_string\"}],\"inLanguage\":\"en-US\"},{\"@type\":\"Organization\",\"@id\":\"https:\/\/farmaso.com\/#organization\",\"name\":\"Farmaso\",\"url\":\"https:\/\/farmaso.com\/\",\"logo\":{\"@type\":\"ImageObject\",\"inLanguage\":\"en-US\",\"@id\":\"https:\/\/farmaso.com\/#\/schema\/logo\/image\/\",\"url\":\"https:\/\/farmaso.com\/wp-content\/uploads\/2019\/02\/farmaso-logo-web-1.png\",\"contentUrl\":\"https:\/\/farmaso.com\/wp-content\/uploads\/2019\/02\/farmaso-logo-web-1.png\",\"width\":575,\"height\":170,\"caption\":\"Farmaso\"},\"image\":{\"@id\":\"https:\/\/farmaso.com\/#\/schema\/logo\/image\/\"},\"sameAs\":[\"http:\/\/facebook.com\/farmasoilacas\",\"http:\/\/instagram.com\/farmisolantiseptik\"]}]}<\/script>\n<!-- \/ Yoast SEO plugin. -->","yoast_head_json":{"title":"NATIONAL CHILD SURGERY CONGRESS - Farmaso","robots":{"index":"index","follow":"follow","max-snippet":"max-snippet:-1","max-image-preview":"max-image-preview:large","max-video-preview":"max-video-preview:-1"},"canonical":"https:\/\/farmaso.com\/en\/ulusal-cocuk-cerrahisi-kongresi\/","og_locale":"en_US","og_type":"article","og_title":"NATIONAL CHILD SURGERY CONGRESS - Farmaso","og_url":"https:\/\/farmaso.com\/en\/ulusal-cocuk-cerrahisi-kongresi\/","og_site_name":"Farmaso","article_publisher":"http:\/\/facebook.com\/farmasoilacas","article_modified_time":"2023-11-07T08:26:13+00:00","twitter_card":"summary_large_image","twitter_misc":{"Est. reading time":"2 minutes"},"schema":{"@context":"https:\/\/schema.org","@graph":[{"@type":"WebPage","@id":"https:\/\/farmaso.com\/en\/ulusal-cocuk-cerrahisi-kongresi\/","url":"https:\/\/farmaso.com\/en\/ulusal-cocuk-cerrahisi-kongresi\/","name":"NATIONAL CHILD SURGERY CONGRESS - Farmaso","isPartOf":{"@id":"https:\/\/farmaso.com\/#website"},"datePublished":"2022-02-03T15:14:38+00:00","dateModified":"2023-11-07T08:26:13+00:00","breadcrumb":{"@id":"https:\/\/farmaso.com\/en\/ulusal-cocuk-cerrahisi-kongresi\/#breadcrumb"},"inLanguage":"en-US","potentialAction":[{"@type":"ReadAction","target":["https:\/\/farmaso.com\/en\/ulusal-cocuk-cerrahisi-kongresi\/"]}]},{"@type":"BreadcrumbList","@id":"https:\/\/farmaso.com\/en\/ulusal-cocuk-cerrahisi-kongresi\/#breadcrumb","itemListElement":[{"@type":"ListItem","position":1,"name":"Ana sayfa","item":"https:\/\/farmaso.com\/en\/farmaso-ana-sayfa\/"},{"@type":"ListItem","position":2,"name":"NATIONAL CHILD SURGERY CONGRESS"}]},{"@type":"WebSite","@id":"https:\/\/farmaso.com\/#website","url":"https:\/\/farmaso.com\/","name":"Farmaso","description":"Yara ve Cilt Bak\u0131m\u0131","publisher":{"@id":"https:\/\/farmaso.com\/#organization"},"potentialAction":[{"@type":"SearchAction","target":{"@type":"EntryPoint","urlTemplate":"https:\/\/farmaso.com\/?s={search_term_string}"},"query-input":"required name=search_term_string"}],"inLanguage":"en-US"},{"@type":"Organization","@id":"https:\/\/farmaso.com\/#organization","name":"Farmaso","url":"https:\/\/farmaso.com\/","logo":{"@type":"ImageObject","inLanguage":"en-US","@id":"https:\/\/farmaso.com\/#\/schema\/logo\/image\/","url":"https:\/\/farmaso.com\/wp-content\/uploads\/2019\/02\/farmaso-logo-web-1.png","contentUrl":"https:\/\/farmaso.com\/wp-content\/uploads\/2019\/02\/farmaso-logo-web-1.png","width":575,"height":170,"caption":"Farmaso"},"image":{"@id":"https:\/\/farmaso.com\/#\/schema\/logo\/image\/"},"sameAs":["http:\/\/facebook.com\/farmasoilacas","http:\/\/instagram.com\/farmisolantiseptik"]}]}},"_links":{"self":[{"href":"https:\/\/farmaso.com\/en\/wp-json\/wp\/v2\/pages\/5242","targetHints":{"allow":["GET"]}}],"collection":[{"href":"https:\/\/farmaso.com\/en\/wp-json\/wp\/v2\/pages"}],"about":[{"href":"https:\/\/farmaso.com\/en\/wp-json\/wp\/v2\/types\/page"}],"author":[{"embeddable":true,"href":"https:\/\/farmaso.com\/en\/wp-json\/wp\/v2\/users\/2"}],"replies":[{"embeddable":true,"href":"https:\/\/farmaso.com\/en\/wp-json\/wp\/v2\/comments?post=5242"}],"version-history":[{"count":0,"href":"https:\/\/farmaso.com\/en\/wp-json\/wp\/v2\/pages\/5242\/revisions"}],"wp:attachment":[{"href":"https:\/\/farmaso.com\/en\/wp-json\/wp\/v2\/media?parent=5242"}],"curies":[{"name":"wp","href":"https:\/\/api.w.org\/{rel}","templated":true}]}}