{"id":915,"date":"2019-03-09T14:40:12","date_gmt":"2019-03-09T11:40:12","guid":{"rendered":"https:\/\/farmaso.com\/?page_id=915"},"modified":"2025-01-02T12:51:52","modified_gmt":"2025-01-02T09:51:52","slug":"contact","status":"publish","type":"page","link":"https:\/\/farmaso.com\/en\/contact\/","title":{"rendered":"Contact"},"content":{"rendered":"<div id='full_slider_1'  class='avia-fullwidth-slider main_color avia-shadow   avia-builder-el-0  el_before_av_one_half  avia-builder-el-first   container_wrap fullsize'  ><\/div><div id='after_full_slider_1'  class='main_color av_default_container_wrap container_wrap fullsize'  ><div class='container av-section-cont-open' ><div class='template-page content  av-content-full alpha units'><div class='post-entry post-entry-type-page post-entry-915'><div class='entry-content-wrapper clearfix'>\n\n<style type=\"text\/css\" data-created_by=\"avia_inline_auto\" id=\"style-css-av-1kscdv-62fc0580a87085eedaca25d94a2b6a45\">\n.flex_column.av-1kscdv-62fc0580a87085eedaca25d94a2b6a45{\nborder-radius:0px 0px 0px 0px;\npadding:0px 0px 0px 0px;\n}\n<\/style>\n<div  class='flex_column av-1kscdv-62fc0580a87085eedaca25d94a2b6a45 av_one_half  avia-builder-el-1  el_after_av_slideshow_full  el_before_av_one_half  avia-builder-el-first  first flex_column_div av-zero-column-padding  '     ><p>\n<style type=\"text\/css\" data-created_by=\"avia_inline_auto\" id=\"style-css-av-3r09v-8866cb040616d9b5de78bc0319bbfb4f\">\n#top .av-special-heading.av-3r09v-8866cb040616d9b5de78bc0319bbfb4f{\npadding-bottom:10px;\n}\nbody .av-special-heading.av-3r09v-8866cb040616d9b5de78bc0319bbfb4f .av-special-heading-tag .heading-char{\nfont-size:25px;\n}\n.av-special-heading.av-3r09v-8866cb040616d9b5de78bc0319bbfb4f .av-subheading{\nfont-size:15px;\n}\n<\/style>\n<div  class='av-special-heading av-3r09v-8866cb040616d9b5de78bc0319bbfb4f av-special-heading-h3  avia-builder-el-2  el_before_av_contact  avia-builder-el-first '><h3 class='av-special-heading-tag'  itemprop=\"headline\"  >Contact Us<\/h3><div class=\"special-heading-border\"><div class=\"special-heading-inner-border\"><\/div><\/div><\/div><br \/>\n<form action=\"https:\/\/farmaso.com\/en\/contact\/\" method=\"post\" data-fields-with-error=\"Found errors in the following field(s):\" class=\"avia_ajax_form av-form-labels-visible   avia-builder-el-3  el_after_av_heading  avia-builder-el-last   \" data-avia-form-id=\"1\" data-avia-redirect='' ><fieldset><p class='  first_form  form_element form_fullwidth' id='element_avia_1_1'><label for=\"avia_1_1\">Name <abbr class=\"required\" title=\"required\">*<\/abbr><\/label> <input name=\"avia_1_1\" class=\"text_input is_empty\" type=\"text\" id=\"avia_1_1\" value=\"\" \/><\/p><p class='  first_form  form_element form_fullwidth' id='element_avia_2_1'><label for=\"avia_2_1\">E-Mail <abbr class=\"required\" title=\"required\">*<\/abbr><\/label> <input name=\"avia_2_1\" class=\"text_input is_email\" type=\"text\" id=\"avia_2_1\" value=\"\" \/><\/p><p class='  first_form  form_element form_fullwidth' id='element_avia_3_1'><label for=\"avia_3_1\">Phone<\/label> <input name=\"avia_3_1\" class=\"text_input \" type=\"text\" id=\"avia_3_1\" value=\"\" \/><\/p><p class='  first_form  form_element form_fullwidth' id='element_avia_4_1'><label for=\"avia_4_1\">Subject <abbr class=\"required\" title=\"required\">*<\/abbr><\/label> <input name=\"avia_4_1\" class=\"text_input is_empty\" type=\"text\" id=\"avia_4_1\" value=\"\" \/><\/p><p class='  first_form  form_element form_fullwidth av-last-visible-form-element' id='element_avia_5_1'><label for=\"avia_5_1\" class=\"textare_label hidden textare_label_avia_5_1\">Message <abbr class=\"required\" title=\"required\">*<\/abbr><\/label><textarea  name=\"avia_5_1\" class=\"text_area is_empty\" cols=\"40\" rows=\"7\" id=\"avia_5_1\" ><\/textarea><\/p><p class=\"hidden\"><input type=\"text\" name=\"avia_6_1\" class=\"hidden \" id=\"avia_6_1\" value=\"\" \/><\/p><p class=\"form_element \"><input type=\"hidden\" value=\"1\" name=\"avia_generated_form1\" \/><input type=\"submit\" value=\"Send\" class=\"button\"  data-sending-label=\"Sending\"\/><\/p><\/fieldset><\/form><div id=\"ajaxresponse_1\" class=\"ajaxresponse ajaxresponse_1 hidden\"><\/div><\/p><\/div>\n\n<style type=\"text\/css\" data-created_by=\"avia_inline_auto\" id=\"style-css-av-lyum3-1186f7d484826b0b83029ffa86b7388e\">\n.flex_column.av-lyum3-1186f7d484826b0b83029ffa86b7388e{\nborder-radius:0px 0px 0px 0px;\npadding:0px 0px 0px 0px;\n}\n<\/style>\n<div  class='flex_column av-lyum3-1186f7d484826b0b83029ffa86b7388e av_one_half  avia-builder-el-4  el_after_av_one_half  avia-builder-el-last  flex_column_div av-zero-column-padding  '     ><p>\n<style type=\"text\/css\" data-created_by=\"avia_inline_auto\" id=\"style-css-av-hjwe3-47ad9063cdbb276ed77e43878555674d\">\n#top .av-special-heading.av-hjwe3-47ad9063cdbb276ed77e43878555674d{\npadding-bottom:10px;\n}\nbody .av-special-heading.av-hjwe3-47ad9063cdbb276ed77e43878555674d .av-special-heading-tag .heading-char{\nfont-size:25px;\n}\n.av-special-heading.av-hjwe3-47ad9063cdbb276ed77e43878555674d .av-subheading{\nfont-size:15px;\n}\n<\/style>\n<div  class='av-special-heading av-hjwe3-47ad9063cdbb276ed77e43878555674d av-special-heading-h2 blockquote modern-quote  avia-builder-el-5  el_before_av_heading  avia-builder-el-first '><h2 class='av-special-heading-tag'  itemprop=\"headline\"  >Farmaso \u0130la\u00e7 San. Tic. A.\u015e.<\/h2><div class=\"special-heading-border\"><div class=\"special-heading-inner-border\"><\/div><\/div><\/div><br \/>\n\n<style type=\"text\/css\" data-created_by=\"avia_inline_auto\" id=\"style-css-av-k1b2nubf-b50b5991af68791a5601ccc8dd7ad55b\">\n#top .av-special-heading.av-k1b2nubf-b50b5991af68791a5601ccc8dd7ad55b{\npadding-bottom:10px;\n}\nbody .av-special-heading.av-k1b2nubf-b50b5991af68791a5601ccc8dd7ad55b .av-special-heading-tag .heading-char{\nfont-size:25px;\n}\n.av-special-heading.av-k1b2nubf-b50b5991af68791a5601ccc8dd7ad55b .av-subheading{\nfont-size:15px;\n}\n<\/style>\n<div  class='av-special-heading av-k1b2nubf-b50b5991af68791a5601ccc8dd7ad55b av-special-heading-h3  avia-builder-el-6  el_after_av_heading  el_before_av_textblock '><h3 class='av-special-heading-tag'  itemprop=\"headline\"  >Address<\/h3><div class=\"special-heading-border\"><div class=\"special-heading-inner-border\"><\/div><\/div><\/div><br \/>\n<section  class='av_textblock_section av-jt1eyn8k-079d6273b0cc40b60384776927e4e753 '   itemscope=\"itemscope\" itemtype=\"https:\/\/schema.org\/CreativeWork\" ><div class='avia_textblock'  itemprop=\"text\" ><div>Merkez Mah. E-5 Londra Asfalt\u0131 Cad. No:69<\/div>\n<div>34535 Mimarsinan B\u00fcy\u00fck\u00e7ekmece<\/div>\n<div>\u0130stanbul &#8211; T\u00fcrkiye<\/div>\n<\/div><\/section><br \/>\n\n<style type=\"text\/css\" data-created_by=\"avia_inline_auto\" id=\"style-css-av-k1b2nyal-67eb278e7c6e1efe06e842f8ed02cc61\">\n#top .av-special-heading.av-k1b2nyal-67eb278e7c6e1efe06e842f8ed02cc61{\npadding-bottom:10px;\n}\nbody .av-special-heading.av-k1b2nyal-67eb278e7c6e1efe06e842f8ed02cc61 .av-special-heading-tag .heading-char{\nfont-size:25px;\n}\n.av-special-heading.av-k1b2nyal-67eb278e7c6e1efe06e842f8ed02cc61 .av-subheading{\nfont-size:15px;\n}\n<\/style>\n<div  class='av-special-heading av-k1b2nyal-67eb278e7c6e1efe06e842f8ed02cc61 av-special-heading-h3  avia-builder-el-8  el_after_av_textblock  el_before_av_textblock '><h3 class='av-special-heading-tag'  itemprop=\"headline\"  >Phone<\/h3><div class=\"special-heading-border\"><div class=\"special-heading-inner-border\"><\/div><\/div><\/div><br \/>\n<section  class='av_textblock_section av-jt1eyn8k-3-313fabab4c79ab08cc898ebd7a658998 '   itemscope=\"itemscope\" itemtype=\"https:\/\/schema.org\/CreativeWork\" ><div class='avia_textblock'  itemprop=\"text\" ><p><a href=\"tel:+90 212 864 3233\">+90 212 864 3233<\/a><\/p>\n<\/div><\/section><br \/>\n\n<style type=\"text\/css\" data-created_by=\"avia_inline_auto\" id=\"style-css-av-k1b2o22n-fc7fc6d2fa2e9310d3f13240bb2d49ad\">\n#top .av-special-heading.av-k1b2o22n-fc7fc6d2fa2e9310d3f13240bb2d49ad{\npadding-bottom:10px;\n}\nbody .av-special-heading.av-k1b2o22n-fc7fc6d2fa2e9310d3f13240bb2d49ad .av-special-heading-tag .heading-char{\nfont-size:25px;\n}\n.av-special-heading.av-k1b2o22n-fc7fc6d2fa2e9310d3f13240bb2d49ad .av-subheading{\nfont-size:15px;\n}\n<\/style>\n<div  class='av-special-heading av-k1b2o22n-fc7fc6d2fa2e9310d3f13240bb2d49ad av-special-heading-h3  avia-builder-el-10  el_after_av_textblock  el_before_av_textblock '><h3 class='av-special-heading-tag'  itemprop=\"headline\"  >Fax<\/h3><div class=\"special-heading-border\"><div class=\"special-heading-inner-border\"><\/div><\/div><\/div><br \/>\n<section  class='av_textblock_section av-jt1eyn8k-2-5c87a376e961d100d96d3b31eb5fed9f '   itemscope=\"itemscope\" itemtype=\"https:\/\/schema.org\/CreativeWork\" ><div class='avia_textblock'  itemprop=\"text\" ><p>+90 212 864 3113<\/p>\n<\/div><\/section><br \/>\n\n<style type=\"text\/css\" data-created_by=\"avia_inline_auto\" id=\"style-css-av-k1b2o67q-312d4a5550ef55b10777ac5caf8cd1ed\">\n#top .av-special-heading.av-k1b2o67q-312d4a5550ef55b10777ac5caf8cd1ed{\npadding-bottom:10px;\n}\nbody .av-special-heading.av-k1b2o67q-312d4a5550ef55b10777ac5caf8cd1ed .av-special-heading-tag .heading-char{\nfont-size:25px;\n}\n.av-special-heading.av-k1b2o67q-312d4a5550ef55b10777ac5caf8cd1ed .av-subheading{\nfont-size:15px;\n}\n<\/style>\n<div  class='av-special-heading av-k1b2o67q-312d4a5550ef55b10777ac5caf8cd1ed av-special-heading-h3  avia-builder-el-12  el_after_av_textblock  el_before_av_textblock '><h3 class='av-special-heading-tag'  itemprop=\"headline\"  >E-mail<\/h3><div class=\"special-heading-border\"><div class=\"special-heading-inner-border\"><\/div><\/div><\/div><br \/>\n<section  class='av_textblock_section av-jt1eyn8k-1-601ca143104b43431f300c59d93b5ae3 '   itemscope=\"itemscope\" itemtype=\"https:\/\/schema.org\/CreativeWork\" ><div class='avia_textblock'  itemprop=\"text\" ><p><a href=\"mailto:info@farmaso.com\">info@farmaso.com<\/a><\/p>\n<\/div><\/section><\/p><\/div>\n","protected":false},"excerpt":{"rendered":"","protected":false},"author":5,"featured_media":0,"parent":0,"menu_order":0,"comment_status":"closed","ping_status":"closed","template":"","meta":{"footnotes":""},"class_list":["post-915","page","type-page","status-publish","hentry"],"yoast_head":"<!-- This site is optimized with the Yoast SEO plugin v22.0 - https:\/\/yoast.com\/wordpress\/plugins\/seo\/ -->\n<title>Contact - Farmaso<\/title>\n<meta name=\"robots\" content=\"index, follow, max-snippet:-1, max-image-preview:large, max-video-preview:-1\" \/>\n<link rel=\"canonical\" href=\"https:\/\/farmaso.com\/en\/contact\/\" \/>\n<meta property=\"og:locale\" content=\"en_US\" \/>\n<meta property=\"og:type\" content=\"article\" \/>\n<meta property=\"og:title\" content=\"Contact - Farmaso\" \/>\n<meta property=\"og:url\" content=\"https:\/\/farmaso.com\/en\/contact\/\" \/>\n<meta property=\"og:site_name\" content=\"Farmaso\" \/>\n<meta property=\"article:publisher\" content=\"http:\/\/facebook.com\/farmasoilacas\" \/>\n<meta property=\"article:modified_time\" content=\"2025-01-02T09:51:52+00:00\" \/>\n<meta name=\"twitter:card\" content=\"summary_large_image\" \/>\n<meta name=\"twitter:label1\" content=\"Est. reading time\" \/>\n\t<meta name=\"twitter:data1\" content=\"1 minute\" \/>\n<script type=\"application\/ld+json\" class=\"yoast-schema-graph\">{\"@context\":\"https:\/\/schema.org\",\"@graph\":[{\"@type\":\"WebPage\",\"@id\":\"https:\/\/farmaso.com\/en\/contact\/\",\"url\":\"https:\/\/farmaso.com\/en\/contact\/\",\"name\":\"Contact - Farmaso\",\"isPartOf\":{\"@id\":\"https:\/\/farmaso.com\/#website\"},\"datePublished\":\"2019-03-09T11:40:12+00:00\",\"dateModified\":\"2025-01-02T09:51:52+00:00\",\"breadcrumb\":{\"@id\":\"https:\/\/farmaso.com\/en\/contact\/#breadcrumb\"},\"inLanguage\":\"en-US\",\"potentialAction\":[{\"@type\":\"ReadAction\",\"target\":[\"https:\/\/farmaso.com\/en\/contact\/\"]}]},{\"@type\":\"BreadcrumbList\",\"@id\":\"https:\/\/farmaso.com\/en\/contact\/#breadcrumb\",\"itemListElement\":[{\"@type\":\"ListItem\",\"position\":1,\"name\":\"Ana sayfa\",\"item\":\"https:\/\/farmaso.com\/en\/farmaso-ana-sayfa\/\"},{\"@type\":\"ListItem\",\"position\":2,\"name\":\"Contact\"}]},{\"@type\":\"WebSite\",\"@id\":\"https:\/\/farmaso.com\/#website\",\"url\":\"https:\/\/farmaso.com\/\",\"name\":\"Farmaso\",\"description\":\"Yara ve Cilt Bak\u0131m\u0131\",\"publisher\":{\"@id\":\"https:\/\/farmaso.com\/#organization\"},\"potentialAction\":[{\"@type\":\"SearchAction\",\"target\":{\"@type\":\"EntryPoint\",\"urlTemplate\":\"https:\/\/farmaso.com\/?s={search_term_string}\"},\"query-input\":\"required name=search_term_string\"}],\"inLanguage\":\"en-US\"},{\"@type\":\"Organization\",\"@id\":\"https:\/\/farmaso.com\/#organization\",\"name\":\"Farmaso\",\"url\":\"https:\/\/farmaso.com\/\",\"logo\":{\"@type\":\"ImageObject\",\"inLanguage\":\"en-US\",\"@id\":\"https:\/\/farmaso.com\/#\/schema\/logo\/image\/\",\"url\":\"https:\/\/farmaso.com\/wp-content\/uploads\/2019\/02\/farmaso-logo-web-1.png\",\"contentUrl\":\"https:\/\/farmaso.com\/wp-content\/uploads\/2019\/02\/farmaso-logo-web-1.png\",\"width\":575,\"height\":170,\"caption\":\"Farmaso\"},\"image\":{\"@id\":\"https:\/\/farmaso.com\/#\/schema\/logo\/image\/\"},\"sameAs\":[\"http:\/\/facebook.com\/farmasoilacas\",\"http:\/\/instagram.com\/farmisolantiseptik\"]}]}<\/script>\n<!-- \/ Yoast SEO plugin. -->","yoast_head_json":{"title":"Contact - Farmaso","robots":{"index":"index","follow":"follow","max-snippet":"max-snippet:-1","max-image-preview":"max-image-preview:large","max-video-preview":"max-video-preview:-1"},"canonical":"https:\/\/farmaso.com\/en\/contact\/","og_locale":"en_US","og_type":"article","og_title":"Contact - Farmaso","og_url":"https:\/\/farmaso.com\/en\/contact\/","og_site_name":"Farmaso","article_publisher":"http:\/\/facebook.com\/farmasoilacas","article_modified_time":"2025-01-02T09:51:52+00:00","twitter_card":"summary_large_image","twitter_misc":{"Est. reading time":"1 minute"},"schema":{"@context":"https:\/\/schema.org","@graph":[{"@type":"WebPage","@id":"https:\/\/farmaso.com\/en\/contact\/","url":"https:\/\/farmaso.com\/en\/contact\/","name":"Contact - Farmaso","isPartOf":{"@id":"https:\/\/farmaso.com\/#website"},"datePublished":"2019-03-09T11:40:12+00:00","dateModified":"2025-01-02T09:51:52+00:00","breadcrumb":{"@id":"https:\/\/farmaso.com\/en\/contact\/#breadcrumb"},"inLanguage":"en-US","potentialAction":[{"@type":"ReadAction","target":["https:\/\/farmaso.com\/en\/contact\/"]}]},{"@type":"BreadcrumbList","@id":"https:\/\/farmaso.com\/en\/contact\/#breadcrumb","itemListElement":[{"@type":"ListItem","position":1,"name":"Ana sayfa","item":"https:\/\/farmaso.com\/en\/farmaso-ana-sayfa\/"},{"@type":"ListItem","position":2,"name":"Contact"}]},{"@type":"WebSite","@id":"https:\/\/farmaso.com\/#website","url":"https:\/\/farmaso.com\/","name":"Farmaso","description":"Yara ve Cilt Bak\u0131m\u0131","publisher":{"@id":"https:\/\/farmaso.com\/#organization"},"potentialAction":[{"@type":"SearchAction","target":{"@type":"EntryPoint","urlTemplate":"https:\/\/farmaso.com\/?s={search_term_string}"},"query-input":"required name=search_term_string"}],"inLanguage":"en-US"},{"@type":"Organization","@id":"https:\/\/farmaso.com\/#organization","name":"Farmaso","url":"https:\/\/farmaso.com\/","logo":{"@type":"ImageObject","inLanguage":"en-US","@id":"https:\/\/farmaso.com\/#\/schema\/logo\/image\/","url":"https:\/\/farmaso.com\/wp-content\/uploads\/2019\/02\/farmaso-logo-web-1.png","contentUrl":"https:\/\/farmaso.com\/wp-content\/uploads\/2019\/02\/farmaso-logo-web-1.png","width":575,"height":170,"caption":"Farmaso"},"image":{"@id":"https:\/\/farmaso.com\/#\/schema\/logo\/image\/"},"sameAs":["http:\/\/facebook.com\/farmasoilacas","http:\/\/instagram.com\/farmisolantiseptik"]}]}},"_links":{"self":[{"href":"https:\/\/farmaso.com\/en\/wp-json\/wp\/v2\/pages\/915","targetHints":{"allow":["GET"]}}],"collection":[{"href":"https:\/\/farmaso.com\/en\/wp-json\/wp\/v2\/pages"}],"about":[{"href":"https:\/\/farmaso.com\/en\/wp-json\/wp\/v2\/types\/page"}],"author":[{"embeddable":true,"href":"https:\/\/farmaso.com\/en\/wp-json\/wp\/v2\/users\/5"}],"replies":[{"embeddable":true,"href":"https:\/\/farmaso.com\/en\/wp-json\/wp\/v2\/comments?post=915"}],"version-history":[{"count":3,"href":"https:\/\/farmaso.com\/en\/wp-json\/wp\/v2\/pages\/915\/revisions"}],"predecessor-version":[{"id":5429,"href":"https:\/\/farmaso.com\/en\/wp-json\/wp\/v2\/pages\/915\/revisions\/5429"}],"wp:attachment":[{"href":"https:\/\/farmaso.com\/en\/wp-json\/wp\/v2\/media?parent=915"}],"curies":[{"name":"wp","href":"https:\/\/api.w.org\/{rel}","templated":true}]}}